{"id":101,"date":"2017-03-05T10:21:02","date_gmt":"2017-03-05T09:21:02","guid":{"rendered":"http:\/\/www.logger2020.se\/?page_id=101"},"modified":"2017-03-05T17:33:01","modified_gmt":"2017-03-05T16:33:01","slug":"installation-loggersoft","status":"publish","type":"page","link":"https:\/\/www.logger2020.se\/index.php\/installation-loggersoft\/","title":{"rendered":"Installation LoggerSoft"},"content":{"rendered":"<p>OBS! Installation av LoggerSoft \u00e4r bara n\u00f6dv\u00e4ndigt om du t\u00e4nkt k\u00f6ra loggern lokalt mot din PC.<br \/>\n(F\u00f6r de som t\u00e4nkt k\u00f6ra loggning mot webtj\u00e4nsten E-logger.se beh\u00f6ver inte installation av PC-programmet g\u00f6ras, d\u00e5 du ist\u00e4llet anv\u00e4nder din webl\u00e4sare f\u00f6r att ansluta till webtj\u00e4nsten.)<br \/>\nInnan du g\u00f6r n\u00e5got annat, installera LoggerSoft enligt nedan:<br \/>\n1. S\u00e4tt in den medf\u00f6ljande cd-skivan &#8221;LoggerSoft&#8221; i datorn.<br \/>\n2. \u00d6ppna utforskaren, \u00f6ppna skivan<br \/>\n3. H\u00f6gerklicka p\u00e5 lsxxxxxx.exe. (xxxxxx = programmets versionsnummer) och v\u00e4lj &#8221;K\u00f6r som administrat\u00f6r&#8221;<br \/>\n4. F\u00f6lj installationsanvisningarna f\u00f6r programvaran.<br \/>\n5. Starta programmet via Start\/program\/LoggerSoft eller genom att i utforskaren dubbelklicka p\u00e5, normalt, c:\/program\/LoggerSoft\/ls.exe (I vissa versioner av Windows kan man beh\u00f6va starta programmet som &#8221;Adminstrat\u00f6r&#8221; via startmenyn i windows.)<br \/>\n6. Nu skall ett &#8221;setupf\u00f6nster&#8221; \u00f6ppnas, v\u00e4lj spr\u00e5k: Svenska, ange var data skall sparas, klicka p\u00e5 spara.<br \/>\n7. Nu startas programmet och det \u00e4r dags f\u00f6r dig att anpassa programmet efter dina behov, l\u00e4s g\u00e4rna igenom de \u00f6vriga menyalternativen i Dropdownmenyn &#8221;Installation&#8221; ovan innan du g\u00e5r vidare.<\/p>\n<p><strong>P\u00e5 CD-skivan<\/strong><br \/>\nP\u00e5 den medf\u00f6ljande CD-skivan finns f\u00f6ljande filer och program:<\/p>\n<ul>\n<li><strong>Loggersoft<\/strong> (lsxxxxxx.exe) &#8211; LoggerSofts installationsprogram<\/li>\n<li><strong>flsetup.exe<\/strong> &#8211; Ett gratisprogram som g\u00f6r det m\u00f6jligt f\u00f6r dig att skicka upp de bilder som LoggerSoft automatiskt kan spara till h\u00e5rddisken till din egna hemsida, om du har en s\u00e5dan. F\u00f6r instruktioner \u00f6ver hur detta program anv\u00e4nds &#8211; se tillverkarens supportsida och hj\u00e4lpfilen som medf\u00f6ljer programmet.<\/li>\n<\/ul>\n","protected":false},"excerpt":{"rendered":"<p>OBS! Installation av LoggerSoft \u00e4r bara n\u00f6dv\u00e4ndigt om du t\u00e4nkt k\u00f6ra loggern lokalt mot din PC. (F\u00f6r de som t\u00e4nkt k\u00f6ra loggning mot webtj\u00e4nsten E-logger.se beh\u00f6ver inte installation av PC-programmet g\u00f6ras, d\u00e5 du ist\u00e4llet anv\u00e4nder din webl\u00e4sare f\u00f6r att ansluta till webtj\u00e4nsten.) Innan du g\u00f6r n\u00e5got annat, installera LoggerSoft enligt nedan: 1. S\u00e4tt in den &hellip; <\/p>\n<p class=\"link-more\"><a href=\"https:\/\/www.logger2020.se\/index.php\/installation-loggersoft\/\" class=\"more-link\">Forts\u00e4tt l\u00e4sa<span class=\"screen-reader-text\"> \u201dInstallation LoggerSoft\u201d<\/span><\/a><\/p>\n","protected":false},"author":1,"featured_media":0,"parent":0,"menu_order":0,"comment_status":"closed","ping_status":"closed","template":"","meta":{"footnotes":""},"aioseo_notices":[],"_links":{"self":[{"href":"https:\/\/www.logger2020.se\/index.php\/wp-json\/wp\/v2\/pages\/101"}],"collection":[{"href":"https:\/\/www.logger2020.se\/index.php\/wp-json\/wp\/v2\/pages"}],"about":[{"href":"https:\/\/www.logger2020.se\/index.php\/wp-json\/wp\/v2\/types\/page"}],"author":[{"embeddable":true,"href":"https:\/\/www.logger2020.se\/index.php\/wp-json\/wp\/v2\/users\/1"}],"replies":[{"embeddable":true,"href":"https:\/\/www.logger2020.se\/index.php\/wp-json\/wp\/v2\/comments?post=101"}],"version-history":[{"count":2,"href":"https:\/\/www.logger2020.se\/index.php\/wp-json\/wp\/v2\/pages\/101\/revisions"}],"predecessor-version":[{"id":158,"href":"https:\/\/www.logger2020.se\/index.php\/wp-json\/wp\/v2\/pages\/101\/revisions\/158"}],"wp:attachment":[{"href":"https:\/\/www.logger2020.se\/index.php\/wp-json\/wp\/v2\/media?parent=101"}],"curies":[{"name":"wp","href":"https:\/\/api.w.org\/{rel}","templated":true}]}}