{"id":106,"date":"2017-03-05T10:31:02","date_gmt":"2017-03-05T09:31:02","guid":{"rendered":"http:\/\/www.logger2020.se\/?page_id=106"},"modified":"2017-03-05T17:32:07","modified_gmt":"2017-03-05T16:32:07","slug":"anslutning-till-pc","status":"publish","type":"page","link":"https:\/\/www.logger2020.se\/index.php\/anslutning-till-pc\/","title":{"rendered":"Anslutning till PC"},"content":{"rendered":"<p>Kopplingen av loggern till en PC \u00e4r enkelt och g\u00f6rs alltid via en router.<br \/>\n<strong>Inkoppling av logger till pc<\/strong><br \/>\nAnslutning av loggern mot PC g\u00f6rs genom att man ansluter en ethernetkabel mellan logger och router, alternativt att man ansluter loggern till en tr\u00e5dl\u00f6s accesspunkt &#8211; f\u00f6r att slippa dra kabel.<\/p>\n<figure id=\"attachment_107\" aria-describedby=\"caption-attachment-107\" style=\"width: 405px\" class=\"wp-caption alignnone\"><img loading=\"lazy\" decoding=\"async\" class=\"size-full wp-image-107\" src=\"http:\/\/www.logger2020.se\/wp-content\/uploads\/2017\/03\/Anslutning-till-PC.png\" alt=\"Exempel p\u00e5 anslutningsm\u00f6jligheter\" width=\"405\" height=\"212\" srcset=\"https:\/\/www.logger2020.se\/wp-content\/uploads\/2017\/03\/Anslutning-till-PC.png 405w, https:\/\/www.logger2020.se\/wp-content\/uploads\/2017\/03\/Anslutning-till-PC-300x157.png 300w\" sizes=\"(max-width: 405px) 100vw, 405px\" \/><figcaption id=\"caption-attachment-107\" class=\"wp-caption-text\">S\u00e5 ansluts logger 2020 till din PC<\/figcaption><\/figure>\n<p>I korthet g\u00e5r det till som f\u00f6ljer:<br \/>\n\u2022 Installera LoggerSoft p\u00e5 din PC.<br \/>\n\u2022 Anslut alla givare och moduler till loggern.<br \/>\n\u2022 Starta loggern<br \/>\n\u2022 Starta Loggersoft<br \/>\n\u2022 N\u00e4r LoggerSoft startat, klicka p\u00e5 inst\u00e4llningar (verktyg)<br \/>\n\u2022 V\u00e4lj &#8221;Logger&#8221;<br \/>\n\u2022 Markera &#8221;Logger 2020&#8221;<br \/>\n\u2022 Klicka p\u00e5 &#8221;S\u00f6k&#8221; Loggersoft s\u00f6ker nu p\u00e5 n\u00e4tverket efter anslutna Loggrar, n\u00e4r den hittar loggern s\u00e5 kommer den upp i listan \u00f6ver tillg\u00e4ngliga loggrar.<br \/>\n\u2022 Markera din logger i s\u00f6krutan<br \/>\n\u2022 Klicka p\u00e5 &#8221;OK&#8221;<br \/>\n\u2022 Klicka p\u00e5 &#8221;spara&#8221;<br \/>\nF\u00f6r ytterligare anvisningar r\u00f6rande inst\u00e4llningar i Loggersoft h\u00e4nvisar vi till installationshj\u00e4lpen p\u00e5 medf\u00f6ljande CD-skiva, och till manualerna p\u00e5 www.e-logger.se.<\/p>\n<p><strong>Dags att kontrollera funktionen<\/strong><br \/>\nEfter att du klickat p\u00e5 &#8221;Spara&#8221; s\u00e5 b\u00f6r du se en liten gr\u00f6n &#8221;ledlampa&#8221; blinka, ca 1 g\u00e5ng\/sekund, l\u00e4ngst ned i v\u00e4nster h\u00f6rn i LoggerSoft-programmets f\u00f6nster, har du givare anslutna till loggern skall du \u00e4ven kunna se hur m\u00e5nga givare som programmet hittat.<\/p>\n<figure id=\"attachment_69\" aria-describedby=\"caption-attachment-69\" style=\"width: 457px\" class=\"wp-caption alignnone\"><img loading=\"lazy\" decoding=\"async\" class=\"size-full wp-image-69\" src=\"http:\/\/www.logger2020.se\/wp-content\/uploads\/2017\/03\/LoggerSoft.gif\" alt=\"Demobild LoggerSoft\" width=\"457\" height=\"344\" \/><figcaption id=\"caption-attachment-69\" class=\"wp-caption-text\">Exempel p\u00e5 LoggerSofts utseende<\/figcaption><\/figure>\n","protected":false},"excerpt":{"rendered":"<p>Kopplingen av loggern till en PC \u00e4r enkelt och g\u00f6rs alltid via en router. Inkoppling av logger till pc Anslutning av loggern mot PC g\u00f6rs genom att man ansluter en ethernetkabel mellan logger och router, alternativt att man ansluter loggern till en tr\u00e5dl\u00f6s accesspunkt &#8211; f\u00f6r att slippa dra kabel. I korthet g\u00e5r det till &hellip; <\/p>\n<p class=\"link-more\"><a href=\"https:\/\/www.logger2020.se\/index.php\/anslutning-till-pc\/\" class=\"more-link\">Forts\u00e4tt l\u00e4sa<span class=\"screen-reader-text\"> \u201dAnslutning till PC\u201d<\/span><\/a><\/p>\n","protected":false},"author":1,"featured_media":0,"parent":0,"menu_order":0,"comment_status":"closed","ping_status":"closed","template":"","meta":{"footnotes":""},"aioseo_notices":[],"_links":{"self":[{"href":"https:\/\/www.logger2020.se\/index.php\/wp-json\/wp\/v2\/pages\/106"}],"collection":[{"href":"https:\/\/www.logger2020.se\/index.php\/wp-json\/wp\/v2\/pages"}],"about":[{"href":"https:\/\/www.logger2020.se\/index.php\/wp-json\/wp\/v2\/types\/page"}],"author":[{"embeddable":true,"href":"https:\/\/www.logger2020.se\/index.php\/wp-json\/wp\/v2\/users\/1"}],"replies":[{"embeddable":true,"href":"https:\/\/www.logger2020.se\/index.php\/wp-json\/wp\/v2\/comments?post=106"}],"version-history":[{"count":2,"href":"https:\/\/www.logger2020.se\/index.php\/wp-json\/wp\/v2\/pages\/106\/revisions"}],"predecessor-version":[{"id":156,"href":"https:\/\/www.logger2020.se\/index.php\/wp-json\/wp\/v2\/pages\/106\/revisions\/156"}],"wp:attachment":[{"href":"https:\/\/www.logger2020.se\/index.php\/wp-json\/wp\/v2\/media?parent=106"}],"curies":[{"name":"wp","href":"https:\/\/api.w.org\/{rel}","templated":true}]}}