{"id":110,"date":"2017-03-05T10:47:58","date_gmt":"2017-03-05T09:47:58","guid":{"rendered":"http:\/\/www.logger2020.se\/?page_id=110"},"modified":"2017-03-05T17:31:46","modified_gmt":"2017-03-05T16:31:46","slug":"anslutning-givare-och-moduler","status":"publish","type":"page","link":"https:\/\/www.logger2020.se\/index.php\/anslutning-givare-och-moduler\/","title":{"rendered":"Anslutning givare och moduler"},"content":{"rendered":"<p>Allm\u00e4nt om temperaturgivare och moduler f\u00f6r Logger 2020 och Sunlogger 2020.<\/p>\n<p>De temperaturgivare och moduler som anv\u00e4nds till Logger 2020 och SunLogger 2020 \u00e4r av en speciell digital modell (Dallas 1-wire). Detta inneb\u00e4r att ni inte kan ansluta n\u00e5gra andra typer av givare direkt till loggern.<\/p>\n<p>Om du t.ex. har en trasig solf\u00e5ngarstyrning och vill uppgradera till SunLogger 2020 ist\u00e4llet f\u00f6r din gamla reglercentral s\u00e5 kan du bara anv\u00e4nda dina tidigare givare om de \u00e4r av typen PT100 eller PT1000, om ej, s\u00e5 kr\u00e4vs det nya givare.<\/p>\n<p>Nedan f\u00f6ljer en instruktion f\u00f6r hur du kopplar in moduler och sensorer till din logger.<\/p>\n<p><strong>Dallas 1-wire tretr\u00e5d<\/strong><br \/>\nDe temperaturgivare som levereras tillsammans med Logger 2020 fr\u00e5n WebIQ:s Energibutiken \u00e4r samtliga kopplade som f\u00f6ljer:<\/p>\n<p>Brun = GND<br \/>\nVit = Data<br \/>\nGr\u00f6n = +5V<\/p>\n<figure id=\"attachment_113\" aria-describedby=\"caption-attachment-113\" style=\"width: 600px\" class=\"wp-caption alignnone\"><img loading=\"lazy\" decoding=\"async\" class=\"size-full wp-image-113\" src=\"http:\/\/www.logger2020.se\/wp-content\/uploads\/2017\/03\/Inkoppling-dallas-1-wire-sensorer-3-tr\u00e5d.png\" alt=\"Inkoppling dallas 1-wire 3-tr\u00e5d\" width=\"600\" height=\"300\" srcset=\"https:\/\/www.logger2020.se\/wp-content\/uploads\/2017\/03\/Inkoppling-dallas-1-wire-sensorer-3-tr\u00e5d.png 600w, https:\/\/www.logger2020.se\/wp-content\/uploads\/2017\/03\/Inkoppling-dallas-1-wire-sensorer-3-tr\u00e5d-300x150.png 300w\" sizes=\"(max-width: 600px) 100vw, 600px\" \/><figcaption id=\"caption-attachment-113\" class=\"wp-caption-text\">Inkoppling dallas 1-wire 3-tr\u00e5d<\/figcaption><\/figure>\n<p>Koppla in givarna enligt skissen till ovan, man kan ansluta givarna var som helst p\u00e5 givarn\u00e4tet, och beh\u00f6ver d\u00e4rf\u00f6r inte k\u00f6pa givare med s\u00e5 l\u00e5nga kablar, s\u00e4tt ist\u00e4llet en kopplingsdosa\/kopplingsplint p\u00e5 ett eller ett par strategiska platser f\u00f6r att minimera m\u00e4ngden kabel i systemet.<\/p>\n<p>Om inga andra givare eller moduler ansluts klarar loggern upp till 48 tempgivare.<\/p>\n<p><strong>Dallas 1-wire tv\u00e5tr\u00e5d<\/strong><br \/>\nOm du har parasit-powerkopplade dallas 1-wiregivare och skall ansluta dessa till Logger2020 skall de kopplas som i bilden nedan:<\/p>\n<figure id=\"attachment_112\" aria-describedby=\"caption-attachment-112\" style=\"width: 600px\" class=\"wp-caption alignnone\"><img loading=\"lazy\" decoding=\"async\" class=\"size-full wp-image-112\" src=\"http:\/\/www.logger2020.se\/wp-content\/uploads\/2017\/03\/Inkoppling-dallas-1-wire-sensorer-2-tr\u00e5d.png\" alt=\"Parasite power dallas 1-wire\" width=\"600\" height=\"300\" srcset=\"https:\/\/www.logger2020.se\/wp-content\/uploads\/2017\/03\/Inkoppling-dallas-1-wire-sensorer-2-tr\u00e5d.png 600w, https:\/\/www.logger2020.se\/wp-content\/uploads\/2017\/03\/Inkoppling-dallas-1-wire-sensorer-2-tr\u00e5d-300x150.png 300w\" sizes=\"(max-width: 600px) 100vw, 600px\" \/><figcaption id=\"caption-attachment-112\" class=\"wp-caption-text\">Inkoppling av parasite power matade dallas 1-wire-givare<\/figcaption><\/figure>\n<p>Brun = GND<br \/>\nVit = Data<br \/>\nKoppla in givarna enligt skissen ovan, man kan ansluta givarna var som helst p\u00e5 givarn\u00e4tet, och beh\u00f6ver d\u00e4rf\u00f6r inte k\u00f6pa givare med s\u00e5 l\u00e5nga kablar, s\u00e4tt ist\u00e4llet en kopplingsdosa\/kopplingsplint p\u00e5 ett eller ett par strategiska platser f\u00f6r att minimera m\u00e4ngden kabel i systemet.<\/p>\n<p>Om inga andra givare eller moduler ansluts klarar loggern upp till 48 tempgivare.<\/p>\n<p><strong>Varf\u00f6r 2-tr\u00e5ds givare?<\/strong><\/p>\n<p>De som tidigare k\u00f6pt temperaturloggern RTLogger har 2-tr\u00e5ds (Parasite power) tempgivare, och dessa kan med f\u00f6rdel anv\u00e4ndas \u00e4ven till Logger 2020, f\u00f6r de som k\u00f6per nya givare rekommenderar vi dock alltid 3-tr\u00e5ds givare d\u00e5 de fungerar med mer kabel i n\u00e4tverket.<\/p>\n<p><strong>Expansionsmoduler<\/strong><br \/>\nDe expansionsmoduler som WebIQ:s Energibutiken s\u00e4ljer skall samtliga kopplas in som f\u00f6ljer:<\/p>\n<figure id=\"attachment_111\" aria-describedby=\"caption-attachment-111\" style=\"width: 600px\" class=\"wp-caption alignnone\"><img loading=\"lazy\" decoding=\"async\" class=\"size-full wp-image-111\" src=\"http:\/\/www.logger2020.se\/wp-content\/uploads\/2017\/03\/Inkoppling-av-moduler-till-Logger-2020.png\" alt=\"Anslutning av moduler till Logger 2020\" width=\"600\" height=\"300\" srcset=\"https:\/\/www.logger2020.se\/wp-content\/uploads\/2017\/03\/Inkoppling-av-moduler-till-Logger-2020.png 600w, https:\/\/www.logger2020.se\/wp-content\/uploads\/2017\/03\/Inkoppling-av-moduler-till-Logger-2020-300x150.png 300w\" sizes=\"(max-width: 600px) 100vw, 600px\" \/><figcaption id=\"caption-attachment-111\" class=\"wp-caption-text\">Moduler anslutna till Logger 2020<\/figcaption><\/figure>\n<p>Plint 1 p\u00e5 modulerna ansluts till GND, plint 5, p\u00e5 loggern.<br \/>\nPlint 2 p\u00e5 modulerna ansluts till data, plint 6, p\u00e5 loggern.<br \/>\nPlint 3 p\u00e5 modulerna ansluts till +12V, plint 4, p\u00e5 loggern.<br \/>\nKoppla in modulerna enligt skissen ovan, man kan ansluta modulerna var som helst p\u00e5 1-wire-n\u00e4tet, och beh\u00f6ver d\u00e4rf\u00f6r inte k\u00f6pa s\u00e5 l\u00e5nga kablar, s\u00e4tt ist\u00e4llet en kopplingsdosa\/kopplingsplint p\u00e5 ett eller ett par strategiska platser f\u00f6r att minimera m\u00e4ngden kabel i systemet.<\/p>\n<p><strong>Kombinera moduler samt 2-tr\u00e5ds och 3-tr\u00e5ds temperaturgivare<\/strong><br \/>\nOvan har vi f\u00f6rs\u00f6kt att tydligt visa hur de olika givarna och modulerna kopplas in mot Logger 2020, och naturligtvis kan man kombinera b\u00e5de 2 och 3-tr\u00e5ds temperaturgivare samt expansionsmoduler till loggern. Koppla alltid in givarna enligt ovanst\u00e5ende scheman s\u00e5 blir det r\u00e4tt! Det vill s\u00e4ga:<\/p>\n<ul>\n<li>2-tr\u00e5ds temperaturgivare kopplas till loggerns plint 5 (GND) och 6 (DATA)<\/li>\n<li>3-tr\u00e5ds temperaturgivare kopplas till loggerns plint 1 (GND), 2 (DATA) och 3 (+5V)<\/li>\n<li>Expansionsmoduler kopplas till loggerns plint 4 (+12V) 5 (GND) och 6 (DATA)<br \/>\nHar du ett litet antal givare och bara vill dra en n\u00e4tverksledning f\u00f6r b\u00e5de moduler och tretr\u00e5ds tempgivare s\u00e5 kan du ansluta 3-tr\u00e5ds tempgivare till samma n\u00e4tverk som modulerna enligt f\u00f6ljande:<\/li>\n<\/ul>\n<p>Brun och gr\u00f6n ledare kopplas till plint 5 (GND)<br \/>\nVit ledare kopplas till Plint 6 (DATA)<br \/>\nPrincipskiss \u00f6ver inkoppling av b\u00e5de moduler och temperaturgivare.<\/p>\n<p><img loading=\"lazy\" decoding=\"async\" class=\"size-full wp-image-114\" src=\"http:\/\/www.logger2020.se\/wp-content\/uploads\/2017\/03\/Logger-2020-inkoppling-av-givare-och-moduler-1.png\" alt=\"Kretsschema Logger 2020\" width=\"800\" height=\"600\" srcset=\"https:\/\/www.logger2020.se\/wp-content\/uploads\/2017\/03\/Logger-2020-inkoppling-av-givare-och-moduler-1.png 800w, https:\/\/www.logger2020.se\/wp-content\/uploads\/2017\/03\/Logger-2020-inkoppling-av-givare-och-moduler-1-300x225.png 300w, https:\/\/www.logger2020.se\/wp-content\/uploads\/2017\/03\/Logger-2020-inkoppling-av-givare-och-moduler-1-768x576.png 768w\" sizes=\"(max-width: 767px) 89vw, (max-width: 1000px) 54vw, (max-width: 1071px) 543px, 580px\" \/><\/p>\n<p>Krets-schema inkoppling av moduler och sensorer till Logger 2020<\/p>\n","protected":false},"excerpt":{"rendered":"<p>Allm\u00e4nt om temperaturgivare och moduler f\u00f6r Logger 2020 och Sunlogger 2020. De temperaturgivare och moduler som anv\u00e4nds till Logger 2020 och SunLogger 2020 \u00e4r av en speciell digital modell (Dallas 1-wire). Detta inneb\u00e4r att ni inte kan ansluta n\u00e5gra andra typer av givare direkt till loggern. Om du t.ex. har en trasig solf\u00e5ngarstyrning och vill &hellip; <\/p>\n<p class=\"link-more\"><a href=\"https:\/\/www.logger2020.se\/index.php\/anslutning-givare-och-moduler\/\" class=\"more-link\">Forts\u00e4tt l\u00e4sa<span class=\"screen-reader-text\"> \u201dAnslutning givare och moduler\u201d<\/span><\/a><\/p>\n","protected":false},"author":1,"featured_media":0,"parent":0,"menu_order":0,"comment_status":"closed","ping_status":"closed","template":"","meta":{"footnotes":""},"aioseo_notices":[],"_links":{"self":[{"href":"https:\/\/www.logger2020.se\/index.php\/wp-json\/wp\/v2\/pages\/110"}],"collection":[{"href":"https:\/\/www.logger2020.se\/index.php\/wp-json\/wp\/v2\/pages"}],"about":[{"href":"https:\/\/www.logger2020.se\/index.php\/wp-json\/wp\/v2\/types\/page"}],"author":[{"embeddable":true,"href":"https:\/\/www.logger2020.se\/index.php\/wp-json\/wp\/v2\/users\/1"}],"replies":[{"embeddable":true,"href":"https:\/\/www.logger2020.se\/index.php\/wp-json\/wp\/v2\/comments?post=110"}],"version-history":[{"count":2,"href":"https:\/\/www.logger2020.se\/index.php\/wp-json\/wp\/v2\/pages\/110\/revisions"}],"predecessor-version":[{"id":155,"href":"https:\/\/www.logger2020.se\/index.php\/wp-json\/wp\/v2\/pages\/110\/revisions\/155"}],"wp:attachment":[{"href":"https:\/\/www.logger2020.se\/index.php\/wp-json\/wp\/v2\/media?parent=110"}],"curies":[{"name":"wp","href":"https:\/\/api.w.org\/{rel}","templated":true}]}}