{"id":117,"date":"2017-03-05T11:11:18","date_gmt":"2017-03-05T10:11:18","guid":{"rendered":"http:\/\/www.logger2020.se\/?page_id=117"},"modified":"2017-03-05T11:11:18","modified_gmt":"2017-03-05T10:11:18","slug":"inkoppling-av-elmatare","status":"publish","type":"page","link":"https:\/\/www.logger2020.se\/index.php\/inkoppling-av-elmatare\/","title":{"rendered":"Inkoppling av elm\u00e4tare"},"content":{"rendered":"<p><strong>Inkoppling av elm\u00e4tare<\/strong><br \/>\nWebIQ:s Energibutiken s\u00e4ljer ett utbud av b\u00e5de 3-fas och 1-fas elm\u00e4tare. Med en extra elm\u00e4tare kopplad till v\u00e4rmepumpen, poolen, avfuktaren, varmvattenberedaren eller annan utrustning som du av n\u00e5gon anledning vill logga kan du p\u00e5 ett enkelt s\u00e4tt se exakt hur din energif\u00f6rbrukning varierar \u00f6ver tid, och f\u00f6r\u00e4ndringarna som sker n\u00e4r du sj\u00e4lv g\u00f6r f\u00f6r\u00e4ndringar f\u00f6r att minimera din f\u00f6rbrukning. Att logga sina elm\u00e4tare kan vara en god hj\u00e4lp f\u00f6r de som vill minska sin elf\u00f6rbrukning, d\u00e5 loggningen tydligg\u00f6r hur ditt f\u00f6rbrukningsm\u00f6nster ser ut, och hur pass stor skillnad det blir p\u00e5 f\u00f6rbrukningen om man st\u00e4nger av all elektrisk utrustning som inte anv\u00e4nds&#8230;<br \/>\nHar du vindkraftverk, vattenkraftverk eller annan alternativ energik\u00e4lla s\u00e5 kan du \u00e4ven p\u00e5 ett enkelt och \u00f6versk\u00e5dligt s\u00e4tt se och presentera energiproduktionen, antingen lokalt i din PC eller online via webtj\u00e4nsten e-logger.<\/p>\n<p><strong>Exemepel p\u00e5 elm\u00e4tarloggning<\/strong><br \/>\nDet finns en m\u00e4ngd olika elm\u00e4tare p\u00e5 marknaden, men de allra flesta elektroniska\/digitala elm\u00e4tarna \u00e4r utrustade med b\u00e5de blinkande diod, och pulsutg\u00e5ng som indikerar den effekt som f\u00f6r stunden f\u00f6rbrukas. Pulsutg\u00e5ngen har vanligtvis 500, 1000 eller 10 000 pulser\/kW och de blinkande dioderna har som regel 1000 eller 10 000 blinkningar\/kWh.<br \/>\nI exemplet nedan\u00a0visar vi hur du kopplar in en digital Siemens elm\u00e4tare till en av loggerns tv\u00e5 pulsing\u00e5ngar.<br \/>\nSamtliga <a href=\"http:\/\/www.energibutiken.se\/sv\/9-elmatare\" target=\"_blank\">elm\u00e4tare som WebIQ:s Energibutiken<\/a> s\u00e4ljer har pulsutg\u00e5ng.<\/p>\n<figure id=\"attachment_118\" aria-describedby=\"caption-attachment-118\" style=\"width: 600px\" class=\"wp-caption alignnone\"><img loading=\"lazy\" decoding=\"async\" class=\"size-full wp-image-118\" src=\"http:\/\/www.logger2020.se\/wp-content\/uploads\/2017\/03\/Anslutning-av-elm\u00e4tare-till-Logger-2020.png\" alt=\"Koppla s\u00e5h\u00e4r!\" width=\"600\" height=\"300\" srcset=\"https:\/\/www.logger2020.se\/wp-content\/uploads\/2017\/03\/Anslutning-av-elm\u00e4tare-till-Logger-2020.png 600w, https:\/\/www.logger2020.se\/wp-content\/uploads\/2017\/03\/Anslutning-av-elm\u00e4tare-till-Logger-2020-300x150.png 300w\" sizes=\"(max-width: 600px) 100vw, 600px\" \/><figcaption id=\"caption-attachment-118\" class=\"wp-caption-text\">S\u00e5 ansluts elm\u00e4tare till Logger 2020<\/figcaption><\/figure>\n<p>Normalt \u00e4r det inte s\u00e5 l\u00e4tt att f\u00e5 tillg\u00e5ng till plintarna f\u00f6r pulsutg\u00e5ngen p\u00e5 ditt energibolags elm\u00e4tare (plomberade m\u00e4tare), och d\u00e4rf\u00f6r har vi konstruerat logger 2020 p\u00e5 ett s\u00e5dant s\u00e4tt att du \u00e4ven kan koppla en fototransistor till Loggerns pulsing\u00e5ngar, man monterar helt enkelt en <a href=\"http:\/\/www.energibutiken.se\/sv\/diverse\/48-elmatarsensor-logger-2020.html\" target=\"_blank\">fototransistor<\/a> \u00f6ver den blinkande diod man vill l\u00e4sa av och ansluter kablarna fr\u00e5n den till loggerns ing\u00e5ngar p\u00e5 precis samma s\u00e4tt som i fallet med avl\u00e4sning av pulsutg\u00e5ng, allts\u00e5 Loggerns plint 10 -&gt; fototransistor, fr\u00e5n fototransistor -&gt; Loggerns plint 8 eller 9.<br \/>\nBeh\u00f6ver man logga fler \u00e4n tv\u00e5 elm\u00e4tare s\u00e5 kan man k\u00f6pa till en eller flera expansionsmoduler f\u00f6r detta, <a href=\"http:\/\/www.energibutiken.se\/sv\/expansionsmoduler\/14-p3iq-pulsmodul.html\" target=\"_blank\">P3IQ<\/a>, v\u00e5r intelligenta pulsmodul som kan l\u00e4sa av b\u00e5de pulsutg\u00e5ngar och blinkande dioder.<\/p>\n<p><strong>&#8211; <em>Mitt energibolags elm\u00e4tare har &#8221;blinkande diod&#8221;, men den blinkar inte, vad g\u00f6r jag d\u00e5?<\/em><\/strong><br \/>\nR\u00e4tt m\u00e5nga elm\u00e4tare \u00e4r utrustade med infrar\u00f6d diod, och dess blinkningar kan man inte se med blotta \u00f6gat, loggern kan dock detektera \u00e4ven denna typ av diod. F\u00f6r att kontrollera om den blinkar eller ej kan du &#8221;titta&#8221; p\u00e5 dioden via en digitalkameras display. De flesta digitalkameror omvandlar IR-ljus till synligt ljus p\u00e5 displayen, men inte alla, ser du inga blinkningar via en kamera, prova ytterligare en om du har tillg\u00e5ng till det. Viktigt &#8211; se till att du har en skapligt stor elf\u00f6rbrukning n\u00e4r du &#8221;tittar&#8221; p\u00e5 dioden, annars kan det vara r\u00e4tt l\u00e5ngt mellan blinkningarna.<br \/>\nVissa elbolag har av besparingssk\u00e4l inte utrustat sin elm\u00e4tare med blinkande diod, men det \u00e4r ytterst ovanligt, om du inte sj\u00e4lv kan avg\u00f6ra om ditt energibolags elm\u00e4tare verkligen har en diod som blinkar, ring elbolaget\/n\u00e4t\u00e4garen i fr\u00e5ga och tala med n\u00e4tansvarig, denna b\u00f6r veta exakt vilka funktioner deras elm\u00e4tare \u00e4r utrustade med.<br \/>\nP\u00e5 bilden nedan\u00a0ser ni exempel p\u00e5 hur f\u00f6rbrukningen kan se ut under en 4-timmarsperiod.<br \/>\nSom ni kan se under trendbilden s\u00e5 ser man \u00e4ven min, max och medelf\u00f6rbrukning under den valda tidsperioden, och man kan d\u00e4rf\u00f6r l\u00e4tt se hur f\u00f6rbrukningen varierar, och om f\u00f6r\u00e4ndringar i elanv\u00e4ndningen verkligen ger effekt p\u00e5 din f\u00f6rbrukning.<\/p>\n<figure id=\"attachment_119\" aria-describedby=\"caption-attachment-119\" style=\"width: 553px\" class=\"wp-caption alignnone\"><img loading=\"lazy\" decoding=\"async\" class=\"wp-image-119 size-full\" src=\"http:\/\/www.logger2020.se\/wp-content\/uploads\/2017\/03\/Graf-\u00f6ver-elf\u00f6rbrukning-Logger-2020.png\" alt=\"Graf \u00f6ver elf\u00f6rbrukning\" width=\"553\" height=\"363\" srcset=\"https:\/\/www.logger2020.se\/wp-content\/uploads\/2017\/03\/Graf-\u00f6ver-elf\u00f6rbrukning-Logger-2020.png 553w, https:\/\/www.logger2020.se\/wp-content\/uploads\/2017\/03\/Graf-\u00f6ver-elf\u00f6rbrukning-Logger-2020-300x197.png 300w\" sizes=\"(max-width: 553px) 100vw, 553px\" \/><figcaption id=\"caption-attachment-119\" class=\"wp-caption-text\">S\u00e5 visualiseras f\u00f6rbrukningen med Logger 2020<\/figcaption><\/figure>\n","protected":false},"excerpt":{"rendered":"<p>Inkoppling av elm\u00e4tare WebIQ:s Energibutiken s\u00e4ljer ett utbud av b\u00e5de 3-fas och 1-fas elm\u00e4tare. Med en extra elm\u00e4tare kopplad till v\u00e4rmepumpen, poolen, avfuktaren, varmvattenberedaren eller annan utrustning som du av n\u00e5gon anledning vill logga kan du p\u00e5 ett enkelt s\u00e4tt se exakt hur din energif\u00f6rbrukning varierar \u00f6ver tid, och f\u00f6r\u00e4ndringarna som sker n\u00e4r du sj\u00e4lv &hellip; <\/p>\n<p class=\"link-more\"><a href=\"https:\/\/www.logger2020.se\/index.php\/inkoppling-av-elmatare\/\" class=\"more-link\">Forts\u00e4tt l\u00e4sa<span class=\"screen-reader-text\"> \u201dInkoppling av elm\u00e4tare\u201d<\/span><\/a><\/p>\n","protected":false},"author":1,"featured_media":0,"parent":0,"menu_order":0,"comment_status":"closed","ping_status":"closed","template":"","meta":{"footnotes":""},"aioseo_notices":[],"_links":{"self":[{"href":"https:\/\/www.logger2020.se\/index.php\/wp-json\/wp\/v2\/pages\/117"}],"collection":[{"href":"https:\/\/www.logger2020.se\/index.php\/wp-json\/wp\/v2\/pages"}],"about":[{"href":"https:\/\/www.logger2020.se\/index.php\/wp-json\/wp\/v2\/types\/page"}],"author":[{"embeddable":true,"href":"https:\/\/www.logger2020.se\/index.php\/wp-json\/wp\/v2\/users\/1"}],"replies":[{"embeddable":true,"href":"https:\/\/www.logger2020.se\/index.php\/wp-json\/wp\/v2\/comments?post=117"}],"version-history":[{"count":1,"href":"https:\/\/www.logger2020.se\/index.php\/wp-json\/wp\/v2\/pages\/117\/revisions"}],"predecessor-version":[{"id":120,"href":"https:\/\/www.logger2020.se\/index.php\/wp-json\/wp\/v2\/pages\/117\/revisions\/120"}],"wp:attachment":[{"href":"https:\/\/www.logger2020.se\/index.php\/wp-json\/wp\/v2\/media?parent=117"}],"curies":[{"name":"wp","href":"https:\/\/api.w.org\/{rel}","templated":true}]}}