{"id":131,"date":"2017-03-05T16:33:27","date_gmt":"2017-03-05T15:33:27","guid":{"rendered":"http:\/\/www.logger2020.se\/?page_id=131"},"modified":"2017-03-05T16:33:27","modified_gmt":"2017-03-05T15:33:27","slug":"htmiq-hogtemperaturmodul","status":"publish","type":"page","link":"https:\/\/www.logger2020.se\/index.php\/htmiq-hogtemperaturmodul\/","title":{"rendered":"HTMIQ H\u00f6gtemperaturmodul"},"content":{"rendered":"<p>Expansionsmodulen HTMIQ \u00e4r en modul som g\u00f6r att du kan ansluta PT100 eller PT1000 temperatursensorer till din Logger (vi rekommenderar PT1000-givare d\u00e5 de har mindre felvisning som beror p\u00e5 ledningsresistans). Fr\u00e4mst inneb\u00e4r detta att du kan m\u00e4ta temperaturer \u00f6ver 125\u00b0C (som \u00e4r max f\u00f6r Dallas 1-wiregivare) i t.ex. r\u00f6kgastemperaturer, eller solf\u00e5ngaranl\u00e4ggningar d\u00e4r man vet med sig att temperaturen kommer eller kan bli h\u00f6gre \u00e4n 125\u00b0C. V\u00e5ra givare klarar max -50 till +400\u00b0C.<br \/>\nInkopplingen av expansionsmodulen HTMIQ sker som vanligt mot Logger 2020 eller SunLogger 2020 till plint 4,5 och 6.<br \/>\nTill givarna ansluter man enligt inkopplingsschemat nedan, anv\u00e4nder man en eller tv\u00e5 givare skall givarna ers\u00e4ttas med ett motst\u00e5nd p\u00e5 499\u00a0\u03a9 som medf\u00f6ljer leveransen av modulen.<br \/>\nModulens processor k\u00e4nner sj\u00e4lv av om du kopplat in PT100 eller PT1000 temperatursensorer.<br \/>\nMan kan inte blanda PT100 och PT1000-givare p\u00e5 samma modul.<br \/>\nHTMIQ tillsammans med PT100 eller PT1000 givare kan f\u00f6rutom att visa h\u00f6ga temperaturer visa r\u00e4tt \u00e4ven vid l\u00e5ga temperaturer, \u00e4nd\u00e5 ned till -50\u00b0C visar dessa givare normalt mindre \u00e4n 1 grad fel.<\/p>\n<figure id=\"attachment_132\" aria-describedby=\"caption-attachment-132\" style=\"width: 600px\" class=\"wp-caption alignnone\"><img loading=\"lazy\" decoding=\"async\" class=\"size-full wp-image-132\" src=\"http:\/\/www.logger2020.se\/wp-content\/uploads\/2017\/03\/HTIQ-H\u00f6gtemperaturmodul-f\u00f6r-Logger-2020.png\" alt=\"Visar hur HTMIQ kopplas in\" width=\"600\" height=\"300\" srcset=\"https:\/\/www.logger2020.se\/wp-content\/uploads\/2017\/03\/HTIQ-H\u00f6gtemperaturmodul-f\u00f6r-Logger-2020.png 600w, https:\/\/www.logger2020.se\/wp-content\/uploads\/2017\/03\/HTIQ-H\u00f6gtemperaturmodul-f\u00f6r-Logger-2020-300x150.png 300w\" sizes=\"(max-width: 600px) 100vw, 600px\" \/><figcaption id=\"caption-attachment-132\" class=\"wp-caption-text\">HTMIQ H\u00f6gtemperaturmodul f\u00f6r Logger 2020<\/figcaption><\/figure>\n","protected":false},"excerpt":{"rendered":"<p>Expansionsmodulen HTMIQ \u00e4r en modul som g\u00f6r att du kan ansluta PT100 eller PT1000 temperatursensorer till din Logger (vi rekommenderar PT1000-givare d\u00e5 de har mindre felvisning som beror p\u00e5 ledningsresistans). Fr\u00e4mst inneb\u00e4r detta att du kan m\u00e4ta temperaturer \u00f6ver 125\u00b0C (som \u00e4r max f\u00f6r Dallas 1-wiregivare) i t.ex. r\u00f6kgastemperaturer, eller solf\u00e5ngaranl\u00e4ggningar d\u00e4r man vet med &hellip; <\/p>\n<p class=\"link-more\"><a href=\"https:\/\/www.logger2020.se\/index.php\/htmiq-hogtemperaturmodul\/\" class=\"more-link\">Forts\u00e4tt l\u00e4sa<span class=\"screen-reader-text\"> \u201dHTMIQ H\u00f6gtemperaturmodul\u201d<\/span><\/a><\/p>\n","protected":false},"author":1,"featured_media":0,"parent":0,"menu_order":0,"comment_status":"closed","ping_status":"closed","template":"","meta":{"footnotes":""},"aioseo_notices":[],"_links":{"self":[{"href":"https:\/\/www.logger2020.se\/index.php\/wp-json\/wp\/v2\/pages\/131"}],"collection":[{"href":"https:\/\/www.logger2020.se\/index.php\/wp-json\/wp\/v2\/pages"}],"about":[{"href":"https:\/\/www.logger2020.se\/index.php\/wp-json\/wp\/v2\/types\/page"}],"author":[{"embeddable":true,"href":"https:\/\/www.logger2020.se\/index.php\/wp-json\/wp\/v2\/users\/1"}],"replies":[{"embeddable":true,"href":"https:\/\/www.logger2020.se\/index.php\/wp-json\/wp\/v2\/comments?post=131"}],"version-history":[{"count":1,"href":"https:\/\/www.logger2020.se\/index.php\/wp-json\/wp\/v2\/pages\/131\/revisions"}],"predecessor-version":[{"id":133,"href":"https:\/\/www.logger2020.se\/index.php\/wp-json\/wp\/v2\/pages\/131\/revisions\/133"}],"wp:attachment":[{"href":"https:\/\/www.logger2020.se\/index.php\/wp-json\/wp\/v2\/media?parent=131"}],"curies":[{"name":"wp","href":"https:\/\/api.w.org\/{rel}","templated":true}]}}