{"id":138,"date":"2017-03-05T16:50:23","date_gmt":"2017-03-05T15:50:23","guid":{"rendered":"http:\/\/www.logger2020.se\/?page_id=138"},"modified":"2020-01-13T16:30:39","modified_gmt":"2020-01-13T15:30:39","slug":"admiq-analog-och-digital-io-modul","status":"publish","type":"page","link":"https:\/\/www.logger2020.se\/index.php\/admiq-analog-och-digital-io-modul\/","title":{"rendered":"A\/DMIQ Analog och Digital I\/O-modul (Utg\u00e5ngen modul, s\u00e4ljs inte l\u00e4ngre)"},"content":{"rendered":"<p>OBS! Denna produkt har utg\u00e5tt ur sortimentet, f\u00f6r er som beh\u00f6ver analoga och digitala in och utg\u00e5ngar h\u00e4nvisar vi till Logger 3030 PRO Modbus (www.logger3030.se)<\/p>\n<p>Expansionsmodulen A\/DMIQ \u00e4r en modul som har 4 analoga och 4 digitala ing\u00e5ngar, dessutom finns tv\u00e5 rel\u00e4utg\u00e5ngar som kan anv\u00e4ndas f\u00f6r att styra t.ex. solf\u00e5ngaranl\u00e4ggningar, pumpar, larm eller annat.<br \/>\nInkopplingen av expansionsmodulen A\/DMIQ\u00a0sker som vanligt mot Logger 2020 eller SunLogger 2020 till plint 4,5 och 6.<br \/>\nP\u00e5 ing\u00e5ngarna ansluter man antingen analoga eller digitala signaler t.ex. enligt bilden nedan. Denna modul v\u00e4nder sig fr\u00e4mst till de som har n\u00e5got st\u00f6rre kunskap vad g\u00e4ller elektronik\/ell\u00e4ra, samt till de som beh\u00f6ver en eller tv\u00e5 extra rel\u00e4utg\u00e5ngar, till exempel f\u00f6r att kunna styra sin solf\u00e5ngaranl\u00e4ggning med fler \u00e4n den i Logger 2020 befintliga styrutg\u00e5ngen.<br \/>\nVi kommer successivt att utveckla och testa olika typer av givare som passar till A\/DMIQ-modulen, och dessa kommer vi sedan att s\u00e4lja i WebIQ:s Energibutiken, till er som \u00e4r intresserade av info n\u00e4r det kommer nyheter i sortimentet, registrera ett konto i webbshoppen och markera att du vill ha nyhetsbrevet.<\/p>\n<figure id=\"attachment_140\" aria-describedby=\"caption-attachment-140\" style=\"width: 600px\" class=\"wp-caption alignnone\"><img loading=\"lazy\" decoding=\"async\" class=\"size-full wp-image-140\" src=\"http:\/\/www.logger2020.se\/wp-content\/uploads\/2017\/03\/ADMIQ-in-och-utg\u00e5ngsmodul-1.png\" alt=\"A\/DMIQ Analog och Digital I\/O-modul\" width=\"600\" height=\"350\" srcset=\"https:\/\/www.logger2020.se\/wp-content\/uploads\/2017\/03\/ADMIQ-in-och-utg\u00e5ngsmodul-1.png 600w, https:\/\/www.logger2020.se\/wp-content\/uploads\/2017\/03\/ADMIQ-in-och-utg\u00e5ngsmodul-1-300x175.png 300w\" sizes=\"(max-width: 600px) 100vw, 600px\" \/><figcaption id=\"caption-attachment-140\" class=\"wp-caption-text\">A\/DMIQ Analog och Digital I\/O-modul<\/figcaption><\/figure>\n","protected":false},"excerpt":{"rendered":"<p>OBS! Denna produkt har utg\u00e5tt ur sortimentet, f\u00f6r er som beh\u00f6ver analoga och digitala in och utg\u00e5ngar h\u00e4nvisar vi till Logger 3030 PRO Modbus (www.logger3030.se) Expansionsmodulen A\/DMIQ \u00e4r en modul som har 4 analoga och 4 digitala ing\u00e5ngar, dessutom finns tv\u00e5 rel\u00e4utg\u00e5ngar som kan anv\u00e4ndas f\u00f6r att styra t.ex. solf\u00e5ngaranl\u00e4ggningar, pumpar, larm eller annat. Inkopplingen &hellip; <\/p>\n<p class=\"link-more\"><a href=\"https:\/\/www.logger2020.se\/index.php\/admiq-analog-och-digital-io-modul\/\" class=\"more-link\">Forts\u00e4tt l\u00e4sa<span class=\"screen-reader-text\"> \u201dA\/DMIQ Analog och Digital I\/O-modul (Utg\u00e5ngen modul, s\u00e4ljs inte l\u00e4ngre)\u201d<\/span><\/a><\/p>\n","protected":false},"author":1,"featured_media":0,"parent":0,"menu_order":0,"comment_status":"closed","ping_status":"closed","template":"","meta":{"footnotes":""},"aioseo_notices":[],"_links":{"self":[{"href":"https:\/\/www.logger2020.se\/index.php\/wp-json\/wp\/v2\/pages\/138"}],"collection":[{"href":"https:\/\/www.logger2020.se\/index.php\/wp-json\/wp\/v2\/pages"}],"about":[{"href":"https:\/\/www.logger2020.se\/index.php\/wp-json\/wp\/v2\/types\/page"}],"author":[{"embeddable":true,"href":"https:\/\/www.logger2020.se\/index.php\/wp-json\/wp\/v2\/users\/1"}],"replies":[{"embeddable":true,"href":"https:\/\/www.logger2020.se\/index.php\/wp-json\/wp\/v2\/comments?post=138"}],"version-history":[{"count":4,"href":"https:\/\/www.logger2020.se\/index.php\/wp-json\/wp\/v2\/pages\/138\/revisions"}],"predecessor-version":[{"id":171,"href":"https:\/\/www.logger2020.se\/index.php\/wp-json\/wp\/v2\/pages\/138\/revisions\/171"}],"wp:attachment":[{"href":"https:\/\/www.logger2020.se\/index.php\/wp-json\/wp\/v2\/media?parent=138"}],"curies":[{"name":"wp","href":"https:\/\/api.w.org\/{rel}","templated":true}]}}