{"id":143,"date":"2017-03-05T17:07:29","date_gmt":"2017-03-05T16:07:29","guid":{"rendered":"http:\/\/www.logger2020.se\/?page_id=143"},"modified":"2017-03-05T17:07:29","modified_gmt":"2017-03-05T16:07:29","slug":"temperaturgivare","status":"publish","type":"page","link":"https:\/\/www.logger2020.se\/index.php\/temperaturgivare\/","title":{"rendered":"Temperaturgivare"},"content":{"rendered":"<p>Som tillbeh\u00f6r till Logger 2020 s\u00e4ljer vi ett stort utbud av olika temperaturgivare. Givarna finns i kapslingar f\u00f6r utanp\u00e5liggande montage, f\u00f6r montage i temperaturficka (med tre olika maxtemperaturer), utomhusgivare och rumsgivare.<br \/>\nI bilden nedan\u00a0ser ni ett litet kollage av produkter, men titta \u00e4ven g\u00e4rna in i webbshoppen, fler tillbeh\u00f6r i denna serie tillkommer troligen fram\u00f6ver.<\/p>\n<p>Vi lagerf\u00f6r:<\/p>\n<ul>\n<li><a href=\"http:\/\/www.energibutiken.se\/sv\/13-dallas-1-wire-givare\" target=\"_blank\">Dallas 1-wiregivare<\/a> i ett antal modeller och med olika kabell\u00e4ngd.<\/li>\n<li><a href=\"http:\/\/www.energibutiken.se\/sv\/30-pt1000\" target=\"_blank\">PT1000-givare<\/a>\u00a0i ett antal modeller och med olika kabell\u00e4ngd.<\/li>\n<li><a href=\"http:\/\/www.energibutiken.se\/sv\/29-pt100\" target=\"_blank\">PT100-givare<\/a>\u00a0i ett antal modeller och med olika kabell\u00e4ngd.<\/li>\n<\/ul>\n<p>De temperaturgivare som vi s\u00e4ljer kan \u00e4ven anv\u00e4ndas i andra applikationer d\u00e4r dessa givartyper anv\u00e4nds, v\u00e5ra PT1000-givare kan t.ex. ers\u00e4tta Danfoss ESMT, ESM-10, ESM-11, ESMB-12 och ESMC<\/p>\n<p>Alla v\u00e5ra givare \u00e4r av b\u00e4sta kvalitet och tillverkade i Tyskland (de r\u00f6da givarna) Kina eller egen regi &#8211; vi har ett n\u00e4ra samarbete med fabrikerna och har specialdesignat de givare vi s\u00e4ljer, bland annat \u00e4r alla v\u00e5ra r\u00f6rgivare och de kapslade givarna med 6 X 50 mm rostfritt skyddshylsa vattent\u00e4ta IP68. Rumsgivarna och Utomhusgivarna tillverkar vi sj\u00e4lva i v\u00e5r verkstad.<br \/>\nVi lagerf\u00f6r \u00e4ven tempfickor i f\u00f6rkromad m\u00e4ssing och i rostfritt st\u00e5l.<\/p>\n<p>S\u00f6ker du en speciell typ av temperaturgivare? Kontakta oss, kanske kan vi hj\u00e4lpa dig. Ring eller e-posta till rickard@webiq.se<\/p>\n<figure id=\"attachment_144\" aria-describedby=\"caption-attachment-144\" style=\"width: 400px\" class=\"wp-caption alignnone\"><img loading=\"lazy\" decoding=\"async\" class=\"size-full wp-image-144\" src=\"http:\/\/www.logger2020.se\/wp-content\/uploads\/2017\/03\/Energibutikens-temperaturgivare.png\" alt=\"H\u00e4r ser du n\u00e5gra exempel p\u00e5 v\u00e5rt utbud av temperaturgivare\" width=\"400\" height=\"324\" srcset=\"https:\/\/www.logger2020.se\/wp-content\/uploads\/2017\/03\/Energibutikens-temperaturgivare.png 400w, https:\/\/www.logger2020.se\/wp-content\/uploads\/2017\/03\/Energibutikens-temperaturgivare-300x243.png 300w\" sizes=\"(max-width: 400px) 100vw, 400px\" \/><figcaption id=\"caption-attachment-144\" class=\"wp-caption-text\">Stort utbud av temperaturgivare<\/figcaption><\/figure>\n","protected":false},"excerpt":{"rendered":"<p>Som tillbeh\u00f6r till Logger 2020 s\u00e4ljer vi ett stort utbud av olika temperaturgivare. Givarna finns i kapslingar f\u00f6r utanp\u00e5liggande montage, f\u00f6r montage i temperaturficka (med tre olika maxtemperaturer), utomhusgivare och rumsgivare. I bilden nedan\u00a0ser ni ett litet kollage av produkter, men titta \u00e4ven g\u00e4rna in i webbshoppen, fler tillbeh\u00f6r i denna serie tillkommer troligen fram\u00f6ver. &hellip; <\/p>\n<p class=\"link-more\"><a href=\"https:\/\/www.logger2020.se\/index.php\/temperaturgivare\/\" class=\"more-link\">Forts\u00e4tt l\u00e4sa<span class=\"screen-reader-text\"> \u201dTemperaturgivare\u201d<\/span><\/a><\/p>\n","protected":false},"author":1,"featured_media":0,"parent":0,"menu_order":0,"comment_status":"closed","ping_status":"closed","template":"","meta":{"footnotes":""},"aioseo_notices":[],"_links":{"self":[{"href":"https:\/\/www.logger2020.se\/index.php\/wp-json\/wp\/v2\/pages\/143"}],"collection":[{"href":"https:\/\/www.logger2020.se\/index.php\/wp-json\/wp\/v2\/pages"}],"about":[{"href":"https:\/\/www.logger2020.se\/index.php\/wp-json\/wp\/v2\/types\/page"}],"author":[{"embeddable":true,"href":"https:\/\/www.logger2020.se\/index.php\/wp-json\/wp\/v2\/users\/1"}],"replies":[{"embeddable":true,"href":"https:\/\/www.logger2020.se\/index.php\/wp-json\/wp\/v2\/comments?post=143"}],"version-history":[{"count":1,"href":"https:\/\/www.logger2020.se\/index.php\/wp-json\/wp\/v2\/pages\/143\/revisions"}],"predecessor-version":[{"id":145,"href":"https:\/\/www.logger2020.se\/index.php\/wp-json\/wp\/v2\/pages\/143\/revisions\/145"}],"wp:attachment":[{"href":"https:\/\/www.logger2020.se\/index.php\/wp-json\/wp\/v2\/media?parent=143"}],"curies":[{"name":"wp","href":"https:\/\/api.w.org\/{rel}","templated":true}]}}