{"id":147,"date":"2017-03-05T17:15:25","date_gmt":"2017-03-05T16:15:25","guid":{"rendered":"http:\/\/www.logger2020.se\/?page_id=147"},"modified":"2017-03-05T17:15:25","modified_gmt":"2017-03-05T16:15:25","slug":"flodesmatare","status":"publish","type":"page","link":"https:\/\/www.logger2020.se\/index.php\/flodesmatare\/","title":{"rendered":"Fl\u00f6desm\u00e4tare"},"content":{"rendered":"<p>Nedan ser du bilder p\u00e5 <a href=\"http:\/\/www.energibutiken.se\/sv\/26-vattenmatare\" target=\"_blank\">Energibutikens vattenm\u00e4tare<\/a>, m\u00e4tare som vi anv\u00e4nder f\u00f6r att logga fl\u00f6den tillsammans med Logger 2020.<br \/>\nKan anv\u00e4ndas f\u00f6r att logga fl\u00f6de i v\u00e4rmesystem, men \u00e4ven kall och varmvattenledningar, m\u00e4tarna \u00e4r godk\u00e4nda att anv\u00e4ndas i tappvattensystem.<\/p>\n<figure id=\"attachment_148\" aria-describedby=\"caption-attachment-148\" style=\"width: 300px\" class=\"wp-caption alignnone\"><img loading=\"lazy\" decoding=\"async\" class=\"size-medium wp-image-148\" src=\"http:\/\/www.logger2020.se\/wp-content\/uploads\/2017\/03\/vattenm\u00e4tare-fl\u00f6desm\u00e4tare-300x241.png\" alt=\"vattenm\u00e4tare fl\u00f6desm\u00e4tare\" width=\"300\" height=\"241\" srcset=\"https:\/\/www.logger2020.se\/wp-content\/uploads\/2017\/03\/vattenm\u00e4tare-fl\u00f6desm\u00e4tare-300x241.png 300w, https:\/\/www.logger2020.se\/wp-content\/uploads\/2017\/03\/vattenm\u00e4tare-fl\u00f6desm\u00e4tare.png 737w\" sizes=\"(max-width: 300px) 100vw, 300px\" \/><figcaption id=\"caption-attachment-148\" class=\"wp-caption-text\">Energibutikens fl\u00f6desm\u00e4tare<\/figcaption><\/figure>\n","protected":false},"excerpt":{"rendered":"<p>Nedan ser du bilder p\u00e5 Energibutikens vattenm\u00e4tare, m\u00e4tare som vi anv\u00e4nder f\u00f6r att logga fl\u00f6den tillsammans med Logger 2020. Kan anv\u00e4ndas f\u00f6r att logga fl\u00f6de i v\u00e4rmesystem, men \u00e4ven kall och varmvattenledningar, m\u00e4tarna \u00e4r godk\u00e4nda att anv\u00e4ndas i tappvattensystem.<\/p>\n","protected":false},"author":1,"featured_media":0,"parent":0,"menu_order":0,"comment_status":"closed","ping_status":"closed","template":"","meta":{"footnotes":""},"aioseo_notices":[],"_links":{"self":[{"href":"https:\/\/www.logger2020.se\/index.php\/wp-json\/wp\/v2\/pages\/147"}],"collection":[{"href":"https:\/\/www.logger2020.se\/index.php\/wp-json\/wp\/v2\/pages"}],"about":[{"href":"https:\/\/www.logger2020.se\/index.php\/wp-json\/wp\/v2\/types\/page"}],"author":[{"embeddable":true,"href":"https:\/\/www.logger2020.se\/index.php\/wp-json\/wp\/v2\/users\/1"}],"replies":[{"embeddable":true,"href":"https:\/\/www.logger2020.se\/index.php\/wp-json\/wp\/v2\/comments?post=147"}],"version-history":[{"count":1,"href":"https:\/\/www.logger2020.se\/index.php\/wp-json\/wp\/v2\/pages\/147\/revisions"}],"predecessor-version":[{"id":149,"href":"https:\/\/www.logger2020.se\/index.php\/wp-json\/wp\/v2\/pages\/147\/revisions\/149"}],"wp:attachment":[{"href":"https:\/\/www.logger2020.se\/index.php\/wp-json\/wp\/v2\/media?parent=147"}],"curies":[{"name":"wp","href":"https:\/\/api.w.org\/{rel}","templated":true}]}}