{"id":151,"date":"2017-03-05T17:29:39","date_gmt":"2017-03-05T16:29:39","guid":{"rendered":"http:\/\/www.logger2020.se\/?page_id=151"},"modified":"2017-03-05T17:29:39","modified_gmt":"2017-03-05T16:29:39","slug":"elmatare","status":"publish","type":"page","link":"https:\/\/www.logger2020.se\/index.php\/elmatare\/","title":{"rendered":"Elm\u00e4tare"},"content":{"rendered":"<p>Elm\u00e4tare \u00e4r en av v\u00e5ra stors\u00e4ljare, vi lagerf\u00f6r ett stort antal olika <a href=\"http:\/\/www.energibutiken.se\/sv\/9-elmatare\" target=\"_blank\">1-fas och 3-fas elm\u00e4tare<\/a> samtliga med pulsutg\u00e5ng, och vissa med modbus. I v\u00e5rt sortiment finns b\u00e5de MID-godk\u00e4nda m\u00e4tare (krav om man skall debitera kunder f\u00f6r deras f\u00f6rbrukning) men \u00e4ven m\u00e4tare utan MID-certifiering d\u00e5 de blir aningen billigare.<\/p>\n<p>Vissa av v\u00e5ra elm\u00e4tare har vi i samarbete med tillverkaren f\u00e5tt mjukvaran modifierad i, t.ex. <a href=\"http:\/\/www.energibutiken.se\/sv\/elmatare\/216-elmatare-3-fas-mid-med-import-export-trippmatare.html\" target=\"_blank\">SDM72Bi<\/a> som anpassats speciellt f\u00f6r de som vill logga import och export, t.ex. i solcellsanl\u00e4ggningar.<\/p>\n<figure id=\"attachment_152\" aria-describedby=\"caption-attachment-152\" style=\"width: 600px\" class=\"wp-caption alignnone\"><img loading=\"lazy\" decoding=\"async\" class=\"size-full wp-image-152\" src=\"http:\/\/www.logger2020.se\/wp-content\/uploads\/2017\/03\/1-fas-och-3-fas-elm\u00e4tare.png\" alt=\"SDM72DR trefas elm\u00e4tare och SDM230 enfas elm\u00e4tare\" width=\"600\" height=\"376\" srcset=\"https:\/\/www.logger2020.se\/wp-content\/uploads\/2017\/03\/1-fas-och-3-fas-elm\u00e4tare.png 600w, https:\/\/www.logger2020.se\/wp-content\/uploads\/2017\/03\/1-fas-och-3-fas-elm\u00e4tare-300x188.png 300w\" sizes=\"(max-width: 600px) 100vw, 600px\" \/><figcaption id=\"caption-attachment-152\" class=\"wp-caption-text\">Exempel p\u00e5 v\u00e5ra elm\u00e4tare<\/figcaption><\/figure>\n","protected":false},"excerpt":{"rendered":"<p>Elm\u00e4tare \u00e4r en av v\u00e5ra stors\u00e4ljare, vi lagerf\u00f6r ett stort antal olika 1-fas och 3-fas elm\u00e4tare samtliga med pulsutg\u00e5ng, och vissa med modbus. I v\u00e5rt sortiment finns b\u00e5de MID-godk\u00e4nda m\u00e4tare (krav om man skall debitera kunder f\u00f6r deras f\u00f6rbrukning) men \u00e4ven m\u00e4tare utan MID-certifiering d\u00e5 de blir aningen billigare. Vissa av v\u00e5ra elm\u00e4tare har vi &hellip; <\/p>\n<p class=\"link-more\"><a href=\"https:\/\/www.logger2020.se\/index.php\/elmatare\/\" class=\"more-link\">Forts\u00e4tt l\u00e4sa<span class=\"screen-reader-text\"> \u201dElm\u00e4tare\u201d<\/span><\/a><\/p>\n","protected":false},"author":1,"featured_media":0,"parent":0,"menu_order":0,"comment_status":"closed","ping_status":"closed","template":"","meta":{"footnotes":""},"aioseo_notices":[],"_links":{"self":[{"href":"https:\/\/www.logger2020.se\/index.php\/wp-json\/wp\/v2\/pages\/151"}],"collection":[{"href":"https:\/\/www.logger2020.se\/index.php\/wp-json\/wp\/v2\/pages"}],"about":[{"href":"https:\/\/www.logger2020.se\/index.php\/wp-json\/wp\/v2\/types\/page"}],"author":[{"embeddable":true,"href":"https:\/\/www.logger2020.se\/index.php\/wp-json\/wp\/v2\/users\/1"}],"replies":[{"embeddable":true,"href":"https:\/\/www.logger2020.se\/index.php\/wp-json\/wp\/v2\/comments?post=151"}],"version-history":[{"count":1,"href":"https:\/\/www.logger2020.se\/index.php\/wp-json\/wp\/v2\/pages\/151\/revisions"}],"predecessor-version":[{"id":153,"href":"https:\/\/www.logger2020.se\/index.php\/wp-json\/wp\/v2\/pages\/151\/revisions\/153"}],"wp:attachment":[{"href":"https:\/\/www.logger2020.se\/index.php\/wp-json\/wp\/v2\/media?parent=151"}],"curies":[{"name":"wp","href":"https:\/\/api.w.org\/{rel}","templated":true}]}}