{"id":29,"date":"2017-03-04T10:07:22","date_gmt":"2017-03-04T09:07:22","guid":{"rendered":"http:\/\/www.logger2020.se\/?page_id=29"},"modified":"2017-03-04T10:34:42","modified_gmt":"2017-03-04T09:34:42","slug":"logger-2020","status":"publish","type":"page","link":"https:\/\/www.logger2020.se\/index.php\/logger-2020\/","title":{"rendered":"Logger 2020"},"content":{"rendered":"<p><img loading=\"lazy\" decoding=\"async\" class=\"alignnone  wp-image-30\" src=\"http:\/\/www.logger2020.se\/wp-content\/uploads\/2017\/03\/logger-2020-bild-300x216.png\" alt=\"\" width=\"351\" height=\"253\" \/><\/p>\n<p>K\u00f6p Loggern h\u00e4r:\u00a0<a href=\"http:\/\/www.energibutiken.se\/sv\/datalogger\/7-logger-2020-belyst-display.html\" target=\"_blank\">Energibutiken.se<\/a><\/p>\n<p>Logger 2020 \u00e4r en liten m\u00e5ngsidig logger som automatiskt och med ett visst tidsintervall kan l\u00e4sa av olika givare och skicka m\u00e4tv\u00e4rden antingen till en PC eller till webbplatsen E-logger.se, eller b\u00e5de och.<br \/>\nD\u00e5 data skall lagras p\u00e5 en PC installeras det medf\u00f6ljande programmet Loggersoft och Logger 2020 ansluts via en router.<br \/>\nDatorn m\u00e5ste alltid vara p\u00e5slagen vid loggning mot enbart PC, om du vill ha m\u00f6jlighet att spara data.<br \/>\nV\u00e4ljer man att logga mot webbplatsen E-logger ansluts Logger 2020 med en vanlig n\u00e4tverkskabel mot en bredbandsrouter kopplad till ditt bredbandsuttag. Data skickas automatiskt till webbplatsen E-logger, ingen dator beh\u00f6ver vara ig\u00e5ng f\u00f6r loggning och insamlad m\u00e4tdata \u00e4r alltid \u00e5tkomlig via en webbl\u00e4sare.<br \/>\nN\u00e4r du vill kan du starta LoggerSoft i din PC och g\u00f6ra en direkt uppf\u00f6ljning av \u00e4ndringar du g\u00f6r i din anl\u00e4ggning, helt utan f\u00f6rdr\u00f6jningar.<\/p>\n<p>Vid drift mot webtj\u00e4nsten klarar Logger 2020 av att internetuppkopplingen \u00e4r nere kortare tid, d\u00e5 lagras m\u00e4tv\u00e4rden i det interna minnet f\u00f6r att sedan skickas iv\u00e4g n\u00e4r internetuppkopplingen finns tillg\u00e4nglig igen. I internetl\u00e4ge visas alltid r\u00e4tt tid och datum p\u00e5 loggerns display.<br \/>\nVid drift mot PC sparas inga m\u00e4tv\u00e4rden om kommunikationen upph\u00f6r (t.ex. om datorn st\u00e4ngs av).<br \/>\nLogger 2020 klarar upp till 50 m\u00e4tobjekt. Man kan m\u00e4ta (max 46) temperaturer och 2 elm\u00e4tare utan att ansluta n\u00e5gra expansionsmoduler, med expansionsmoduler kan man m\u00e4ta \u00e4ven fl\u00f6de, fukt, pulser (t.ex. en eller flera elm\u00e4tare ut\u00f6ver de tv\u00e5 som kan loggas direkt p\u00e5 Logger 2020:s pulsing\u00e5ngar), status och effekter. De givare\/moduler som idag finns tillg\u00e4ngliga kan du l\u00e4sa mer om under menyvalet &#8221;tillbeh\u00f6r&#8221; ovan, fler tillbeh\u00f6r kommer, s\u00e5 titta g\u00e4rna in h\u00e4r d\u00e5 och d\u00e5 f\u00f6r att se p\u00e5 v\u00e5rt utbud av tillbeh\u00f6r.<br \/>\nSom temperaturgivare anv\u00e4nds Dallas 1-wiregivare, de kan parallellkopplas i en enda l\u00e5ng slinga f\u00f6r minimal kabeldragning (se l\u00e4ngst ned p\u00e5 denna sida). Elm\u00e4tare ansluts till speciella ing\u00e5ngar p\u00e5 loggern, det kan ske p\u00e5 tv\u00e5 s\u00e4tt, antingen med en tv\u00e5ledare till pulsutg\u00e5ngen p\u00e5 m\u00e4taren om s\u00e5dan finns, eller med en optisk sensor som avl\u00e4ser den lysdiod p\u00e5 elm\u00e4taren som blinkar i takt med energif\u00f6rbrukningen, det sistn\u00e4mnda ger som regel b\u00e4ttre precision men kan ocks\u00e5 vara k\u00e4nsligt f\u00f6r st\u00f6rningar fr\u00e5n dagsljus.<br \/>\nLogger 2020 drivs med den medf\u00f6ljande 12V n\u00e4tadaptern och f\u00f6rbrukar mindre \u00e4n 3W (max ca. 26 kWh\/\u00e5r).<\/p>\n<p>System\u00f6versikt Logger 2020 &amp; SunLogger 2020<\/p>\n<figure id=\"attachment_44\" aria-describedby=\"caption-attachment-44\" style=\"width: 800px\" class=\"wp-caption alignnone\"><img loading=\"lazy\" decoding=\"async\" class=\"size-full wp-image-44\" src=\"http:\/\/www.logger2020.se\/wp-content\/uploads\/2017\/03\/system\u00f6versikt-1.png\" alt=\"System\u00f6versitk Logger 2020, PC och internet\" width=\"800\" height=\"603\" srcset=\"https:\/\/www.logger2020.se\/wp-content\/uploads\/2017\/03\/system\u00f6versikt-1.png 800w, https:\/\/www.logger2020.se\/wp-content\/uploads\/2017\/03\/system\u00f6versikt-1-300x226.png 300w, https:\/\/www.logger2020.se\/wp-content\/uploads\/2017\/03\/system\u00f6versikt-1-768x579.png 768w\" sizes=\"(max-width: 767px) 89vw, (max-width: 1000px) 54vw, (max-width: 1071px) 543px, 580px\" \/><figcaption id=\"caption-attachment-44\" class=\"wp-caption-text\">System\u00f6versikt Logger 2020<\/figcaption><\/figure>\n<p>\u00d6versikt inkoppling av givare, moduler och tillbeh\u00f6r.<\/p>\n<figure id=\"attachment_32\" aria-describedby=\"caption-attachment-32\" style=\"width: 800px\" class=\"wp-caption alignnone\"><img loading=\"lazy\" decoding=\"async\" class=\"size-full wp-image-32\" src=\"http:\/\/www.logger2020.se\/wp-content\/uploads\/2017\/03\/Logger-2020-inkoppling-av-givare-och-moduler.png\" alt=\"Kretsschema Logger 2020\" width=\"800\" height=\"600\" srcset=\"https:\/\/www.logger2020.se\/wp-content\/uploads\/2017\/03\/Logger-2020-inkoppling-av-givare-och-moduler.png 800w, https:\/\/www.logger2020.se\/wp-content\/uploads\/2017\/03\/Logger-2020-inkoppling-av-givare-och-moduler-300x225.png 300w, https:\/\/www.logger2020.se\/wp-content\/uploads\/2017\/03\/Logger-2020-inkoppling-av-givare-och-moduler-768x576.png 768w\" sizes=\"(max-width: 767px) 89vw, (max-width: 1000px) 54vw, (max-width: 1071px) 543px, 580px\" \/><figcaption id=\"caption-attachment-32\" class=\"wp-caption-text\">Schema \u00f6ver inkoppling av givare och moduler till Logger 2020<\/figcaption><\/figure>\n","protected":false},"excerpt":{"rendered":"<p>K\u00f6p Loggern h\u00e4r:\u00a0Energibutiken.se Logger 2020 \u00e4r en liten m\u00e5ngsidig logger som automatiskt och med ett visst tidsintervall kan l\u00e4sa av olika givare och skicka m\u00e4tv\u00e4rden antingen till en PC eller till webbplatsen E-logger.se, eller b\u00e5de och. D\u00e5 data skall lagras p\u00e5 en PC installeras det medf\u00f6ljande programmet Loggersoft och Logger 2020 ansluts via en router. &hellip; <\/p>\n<p class=\"link-more\"><a href=\"https:\/\/www.logger2020.se\/index.php\/logger-2020\/\" class=\"more-link\">Forts\u00e4tt l\u00e4sa<span class=\"screen-reader-text\"> \u201dLogger 2020\u201d<\/span><\/a><\/p>\n","protected":false},"author":1,"featured_media":0,"parent":0,"menu_order":0,"comment_status":"closed","ping_status":"closed","template":"","meta":{"footnotes":""},"aioseo_notices":[],"_links":{"self":[{"href":"https:\/\/www.logger2020.se\/index.php\/wp-json\/wp\/v2\/pages\/29"}],"collection":[{"href":"https:\/\/www.logger2020.se\/index.php\/wp-json\/wp\/v2\/pages"}],"about":[{"href":"https:\/\/www.logger2020.se\/index.php\/wp-json\/wp\/v2\/types\/page"}],"author":[{"embeddable":true,"href":"https:\/\/www.logger2020.se\/index.php\/wp-json\/wp\/v2\/users\/1"}],"replies":[{"embeddable":true,"href":"https:\/\/www.logger2020.se\/index.php\/wp-json\/wp\/v2\/comments?post=29"}],"version-history":[{"count":3,"href":"https:\/\/www.logger2020.se\/index.php\/wp-json\/wp\/v2\/pages\/29\/revisions"}],"predecessor-version":[{"id":45,"href":"https:\/\/www.logger2020.se\/index.php\/wp-json\/wp\/v2\/pages\/29\/revisions\/45"}],"wp:attachment":[{"href":"https:\/\/www.logger2020.se\/index.php\/wp-json\/wp\/v2\/media?parent=29"}],"curies":[{"name":"wp","href":"https:\/\/api.w.org\/{rel}","templated":true}]}}