{"id":5,"date":"2017-03-04T08:44:07","date_gmt":"2017-03-04T07:44:07","guid":{"rendered":"http:\/\/www.logger2020.se\/?page_id=5"},"modified":"2017-03-04T16:43:16","modified_gmt":"2017-03-04T15:43:16","slug":"om-oss","status":"publish","type":"page","link":"https:\/\/www.logger2020.se\/index.php\/om-oss\/","title":{"rendered":"Om oss"},"content":{"rendered":"<p>Denna hemsida \u00e4gs och drivs av WebIQ AB, Logger 2020, Sunlogger 2020 samt Logger 3030 har utvecklats av oss och s\u00e4ljs enbart via v\u00e5r webbshop <a href=\"http:\/\/www.energibutiken.se\/sv\/2-datalogger\" target=\"_blank\">Energibutiken.se<\/a><\/p>\n<p>L\u00e4s mer om f\u00f6retaget h\u00e4r: <a href=\"http:\/\/www.webiq.se\" target=\"_blank\">WebIQ AB<\/a><\/p>\n","protected":false},"excerpt":{"rendered":"<p>Denna hemsida \u00e4gs och drivs av WebIQ AB, Logger 2020, Sunlogger 2020 samt Logger 3030 har utvecklats av oss och s\u00e4ljs enbart via v\u00e5r webbshop Energibutiken.se L\u00e4s mer om f\u00f6retaget h\u00e4r: WebIQ AB<\/p>\n","protected":false},"author":1,"featured_media":0,"parent":0,"menu_order":0,"comment_status":"closed","ping_status":"closed","template":"","meta":{"footnotes":""},"aioseo_notices":[],"_links":{"self":[{"href":"https:\/\/www.logger2020.se\/index.php\/wp-json\/wp\/v2\/pages\/5"}],"collection":[{"href":"https:\/\/www.logger2020.se\/index.php\/wp-json\/wp\/v2\/pages"}],"about":[{"href":"https:\/\/www.logger2020.se\/index.php\/wp-json\/wp\/v2\/types\/page"}],"author":[{"embeddable":true,"href":"https:\/\/www.logger2020.se\/index.php\/wp-json\/wp\/v2\/users\/1"}],"replies":[{"embeddable":true,"href":"https:\/\/www.logger2020.se\/index.php\/wp-json\/wp\/v2\/comments?post=5"}],"version-history":[{"count":3,"href":"https:\/\/www.logger2020.se\/index.php\/wp-json\/wp\/v2\/pages\/5\/revisions"}],"predecessor-version":[{"id":81,"href":"https:\/\/www.logger2020.se\/index.php\/wp-json\/wp\/v2\/pages\/5\/revisions\/81"}],"wp:attachment":[{"href":"https:\/\/www.logger2020.se\/index.php\/wp-json\/wp\/v2\/media?parent=5"}],"curies":[{"name":"wp","href":"https:\/\/api.w.org\/{rel}","templated":true}]}}