{"id":6,"date":"2017-03-04T08:44:07","date_gmt":"2017-03-04T07:44:07","guid":{"rendered":"http:\/\/www.logger2020.se\/?page_id=6"},"modified":"2017-03-04T15:51:35","modified_gmt":"2017-03-04T14:51:35","slug":"kontakta-oss","status":"publish","type":"page","link":"https:\/\/www.logger2020.se\/index.php\/kontakta-oss\/","title":{"rendered":"Kontakta oss"},"content":{"rendered":"<p>V\u00e5ra kontaktuppgifter:<\/p>\n<p>Web Info Quality EU AB<br \/>\nRickard Marklund<br \/>\nSkidv\u00e4gen 13<br \/>\n94493 Hemmingsmark<br \/>\nSweden<br \/>\ntel: 070-6798263<br \/>\nE-post: rickard@webiq.se<br \/>\nVAT nr: SE556787375601<br \/>\nOrg nr: 556787-3756<\/p>\n<p>Kontakta oss g\u00e4rna via e-post, vi svarar normalt inom 1-24 timmar.<\/p>\n<p>P\u00e5 telefon kan ni n\u00e5 oss de flesta dagar och tider p\u00e5 \u00e5ret, svarar som regel om jag har m\u00f6jlighet, men ring helst vardagar mellan 07.00 och 18.00. Support p\u00e5 varor och tj\u00e4nster kan \u00e4ven f\u00e5s under helgerna, ring helst mellan 10.00 och 17.00.<\/p>\n<p>V\u00e5r kanal p\u00e5 Youtube hittar ni h\u00e4r:\u00a0<a href=\"https:\/\/www.youtube.com\/user\/webiqkanalen\" target=\"_blank\">YOUTUBE<\/a><\/p>\n","protected":false},"excerpt":{"rendered":"<p>V\u00e5ra kontaktuppgifter: Web Info Quality EU AB Rickard Marklund Skidv\u00e4gen 13 94493 Hemmingsmark Sweden tel: 070-6798263 E-post: rickard@webiq.se VAT nr: SE556787375601 Org nr: 556787-3756 Kontakta oss g\u00e4rna via e-post, vi svarar normalt inom 1-24 timmar. P\u00e5 telefon kan ni n\u00e5 oss de flesta dagar och tider p\u00e5 \u00e5ret, svarar som regel om jag har m\u00f6jlighet, &hellip; <\/p>\n<p class=\"link-more\"><a href=\"https:\/\/www.logger2020.se\/index.php\/kontakta-oss\/\" class=\"more-link\">Forts\u00e4tt l\u00e4sa<span class=\"screen-reader-text\"> \u201dKontakta oss\u201d<\/span><\/a><\/p>\n","protected":false},"author":1,"featured_media":0,"parent":0,"menu_order":0,"comment_status":"closed","ping_status":"closed","template":"","meta":{"footnotes":""},"aioseo_notices":[],"_links":{"self":[{"href":"https:\/\/www.logger2020.se\/index.php\/wp-json\/wp\/v2\/pages\/6"}],"collection":[{"href":"https:\/\/www.logger2020.se\/index.php\/wp-json\/wp\/v2\/pages"}],"about":[{"href":"https:\/\/www.logger2020.se\/index.php\/wp-json\/wp\/v2\/types\/page"}],"author":[{"embeddable":true,"href":"https:\/\/www.logger2020.se\/index.php\/wp-json\/wp\/v2\/users\/1"}],"replies":[{"embeddable":true,"href":"https:\/\/www.logger2020.se\/index.php\/wp-json\/wp\/v2\/comments?post=6"}],"version-history":[{"count":3,"href":"https:\/\/www.logger2020.se\/index.php\/wp-json\/wp\/v2\/pages\/6\/revisions"}],"predecessor-version":[{"id":59,"href":"https:\/\/www.logger2020.se\/index.php\/wp-json\/wp\/v2\/pages\/6\/revisions\/59"}],"wp:attachment":[{"href":"https:\/\/www.logger2020.se\/index.php\/wp-json\/wp\/v2\/media?parent=6"}],"curies":[{"name":"wp","href":"https:\/\/api.w.org\/{rel}","templated":true}]}}