{"id":68,"date":"2017-03-04T16:22:44","date_gmt":"2017-03-04T15:22:44","guid":{"rendered":"http:\/\/www.logger2020.se\/?page_id=68"},"modified":"2017-03-04T16:22:44","modified_gmt":"2017-03-04T15:22:44","slug":"loggersoft","status":"publish","type":"page","link":"https:\/\/www.logger2020.se\/index.php\/loggersoft\/","title":{"rendered":"LoggerSoft"},"content":{"rendered":"<p><img loading=\"lazy\" decoding=\"async\" class=\"alignnone size-full wp-image-69\" src=\"http:\/\/www.logger2020.se\/wp-content\/uploads\/2017\/03\/LoggerSoft.gif\" alt=\"\" width=\"457\" height=\"344\" \/><\/p>\n<p>LoggerSoft, mjukvara f\u00f6r Logger 2020, SunLogger 2020 och <a href=\"http:\/\/www.logger3030.se\" target=\"_blank\">Logger 3030<\/a><br \/>\n<strong>\u00d6versikt<\/strong><br \/>\nMed LoggerSoft kan du p\u00e5 ett enkelt och \u00f6versk\u00e5dligt s\u00e4tt se hur de temperaturer och den elf\u00f6rbrukning\/produktion som du \u00f6vervakar \u00e4ndras \u00f6ver tid. Med Loggersoft och Logger 2020 kan du direkt se hur olika inst\u00e4llningar p\u00e5 din anl\u00e4ggning resulterar i b\u00e4ttre (eller s\u00e4mre) resultat.<br \/>\nFunktioner i LoggerSoft<br \/>\n\u2022 Trendbilder<br \/>\n\u2022 Numeriska m\u00e4tv\u00e4rden med sekundsnabb uppdatering,<br \/>\n\u2022 Du kan se historiska v\u00e4rden med dygnsuppl\u00f6sning.<br \/>\n\u2022 Import av m\u00e4tdata fr\u00e5n webtj\u00e4nsten.<br \/>\n\u2022 Du kan se min, max och medelv\u00e4rden p\u00e5 varje enskilt m\u00e4tobjekt.<br \/>\n\u2022 Ladda upp bilder \u00f6ver b\u00e5de trender och numeriska v\u00e4rden till din websida.<br \/>\n\u2022 Du kan st\u00e4lla in larm och f\u00e5 akustiska larm vid h\u00e4ndelser som \u00f6ver eller underskrider inst\u00e4llda larmgr\u00e4nser.<br \/>\n<strong>Allm\u00e4nt<\/strong><br \/>\nDu kan ha flera f\u00f6nster \u00f6ppna i LoggerSoft samtidigt, om du vill kan du allts\u00e5 samla olika m\u00e4tv\u00e4rden fr\u00e5n ett visst m\u00e4tobjekt i en grafbild som blir specifik f\u00f6r just det m\u00e4tobjektet, t.ex. en v\u00e4rmepump. Har du solf\u00e5ngare kan du samla m\u00e4tdata fr\u00e5n den anl\u00e4ggningen i en egen grafbild. Detsamma g\u00e4ller f\u00f6r &#8221;display-bilden&#8221;, i den visas v\u00e4rden i klartext f\u00f6r de m\u00e4tv\u00e4rden du v\u00e4ljer skall ing\u00e5 i en viss grupp.<br \/>\nLoggerSoft fungerar b\u00e5de till Logger2020 och SunLogger 2020.<\/p>\n<p><strong>Begr\u00e4nsningar i mjukvaran<\/strong><\/p>\n<p>LoggerSoft \u00e4r ett enkelt program med f\u00e5 funktioner och kan inte j\u00e4mf\u00f6ras med de funktioner som finns i webbtj\u00e4nsten E-logger, d\u00e5 allt mer blir webbaserat har vi valt att satsa det mesta av utvecklingen p\u00e5 sajten e-logger.se d\u00e4r all funktionalitet finns, och m\u00e5nga av inst\u00e4llningsm\u00f6jligheterna. \u00c4ven om ni t\u00e4nkt ha LoggerSoft aktivt (Kan k\u00f6ras samtidigt som man loggar mot webbtj\u00e4nsten) s\u00e5 rekommenderar vi att ni registrerar ett konto i webbtj\u00e4nsten, l\u00e4s mer under menyvalet Webbtj\u00e4nst.<\/p>\n","protected":false},"excerpt":{"rendered":"<p>LoggerSoft, mjukvara f\u00f6r Logger 2020, SunLogger 2020 och Logger 3030 \u00d6versikt Med LoggerSoft kan du p\u00e5 ett enkelt och \u00f6versk\u00e5dligt s\u00e4tt se hur de temperaturer och den elf\u00f6rbrukning\/produktion som du \u00f6vervakar \u00e4ndras \u00f6ver tid. Med Loggersoft och Logger 2020 kan du direkt se hur olika inst\u00e4llningar p\u00e5 din anl\u00e4ggning resulterar i b\u00e4ttre (eller s\u00e4mre) resultat. &hellip; <\/p>\n<p class=\"link-more\"><a href=\"https:\/\/www.logger2020.se\/index.php\/loggersoft\/\" class=\"more-link\">Forts\u00e4tt l\u00e4sa<span class=\"screen-reader-text\"> \u201dLoggerSoft\u201d<\/span><\/a><\/p>\n","protected":false},"author":1,"featured_media":0,"parent":0,"menu_order":0,"comment_status":"closed","ping_status":"closed","template":"","meta":{"footnotes":""},"aioseo_notices":[],"_links":{"self":[{"href":"https:\/\/www.logger2020.se\/index.php\/wp-json\/wp\/v2\/pages\/68"}],"collection":[{"href":"https:\/\/www.logger2020.se\/index.php\/wp-json\/wp\/v2\/pages"}],"about":[{"href":"https:\/\/www.logger2020.se\/index.php\/wp-json\/wp\/v2\/types\/page"}],"author":[{"embeddable":true,"href":"https:\/\/www.logger2020.se\/index.php\/wp-json\/wp\/v2\/users\/1"}],"replies":[{"embeddable":true,"href":"https:\/\/www.logger2020.se\/index.php\/wp-json\/wp\/v2\/comments?post=68"}],"version-history":[{"count":1,"href":"https:\/\/www.logger2020.se\/index.php\/wp-json\/wp\/v2\/pages\/68\/revisions"}],"predecessor-version":[{"id":70,"href":"https:\/\/www.logger2020.se\/index.php\/wp-json\/wp\/v2\/pages\/68\/revisions\/70"}],"wp:attachment":[{"href":"https:\/\/www.logger2020.se\/index.php\/wp-json\/wp\/v2\/media?parent=68"}],"curies":[{"name":"wp","href":"https:\/\/api.w.org\/{rel}","templated":true}]}}