{"id":96,"date":"2017-03-05T10:15:17","date_gmt":"2017-03-05T09:15:17","guid":{"rendered":"http:\/\/www.logger2020.se\/?page_id=96"},"modified":"2017-03-05T17:32:46","modified_gmt":"2017-03-05T16:32:46","slug":"installation","status":"publish","type":"page","link":"https:\/\/www.logger2020.se\/index.php\/installation\/","title":{"rendered":"Installation"},"content":{"rendered":"<p>Under rubriken &#8221;Installation&#8221; ovan g\u00e5r vi igenom installations och inkopplingsf\u00f6rfarandet f\u00f6r att du som funderar p\u00e5 ett k\u00f6p skall kunna se hur installation och inkoppling av loggern och dess expansionsmoduler och tillbeh\u00f6r g\u00e5r till.<br \/>\nF\u00f6r onlinesupport och mer djupg\u00e5ende manualer f\u00f6r Logger 2020, SunLogger 2020, Expansionsmoduler, givare eller mjukvaran LoggerSoft s\u00e5 finns ett par olika m\u00f6jligheter. F\u00f6rst och fr\u00e4mst finns mycket information samlat i dokumentationen som du hittar h\u00e4r: <a href=\"http:\/\/e-logger.se\/wiki\/index.php\/Manualer\" target=\"_blank\">Manual<\/a><br \/>\nSupport via v\u00e5rt speciella <a href=\"http:\/\/e-logger.se\/forum\/\" target=\"_blank\">Forum<\/a> \u00e4r ocks\u00e5 en bra v\u00e4g att f\u00e5 hj\u00e4lp och st\u00f6d de g\u00e5nger det \u00e4r p\u00e5kallat. I forumet finns b\u00e5de vi som utvecklat produkterna och webbtj\u00e4nsten tillg\u00e4ngliga mer eller mindre varje dag, forumets \u00f6vriga medlemmar &#8211; oftast redan \u00e4gare av en Logger, st\u00e4ller \u00e4ven de g\u00e4rna upp och hj\u00e4lper till om det \u00e4r n\u00e5t som du funderar \u00f6ver.<\/p>\n<figure id=\"attachment_98\" aria-describedby=\"caption-attachment-98\" style=\"width: 659px\" class=\"wp-caption alignnone\"><img loading=\"lazy\" decoding=\"async\" class=\"size-full wp-image-98\" src=\"http:\/\/www.logger2020.se\/wp-content\/uploads\/2017\/03\/Manualer-1.png\" alt=\"V\u00e5r manual till Logger 2020\" width=\"659\" height=\"679\" srcset=\"https:\/\/www.logger2020.se\/wp-content\/uploads\/2017\/03\/Manualer-1.png 659w, https:\/\/www.logger2020.se\/wp-content\/uploads\/2017\/03\/Manualer-1-291x300.png 291w\" sizes=\"(max-width: 659px) 100vw, 659px\" \/><figcaption id=\"caption-attachment-98\" class=\"wp-caption-text\">Exempel p\u00e5 manual-sidan f\u00f6r Logger 2020 och Logger 3030 samt webbtj\u00e4nsten i sig.<\/figcaption><\/figure>\n","protected":false},"excerpt":{"rendered":"<p>Under rubriken &#8221;Installation&#8221; ovan g\u00e5r vi igenom installations och inkopplingsf\u00f6rfarandet f\u00f6r att du som funderar p\u00e5 ett k\u00f6p skall kunna se hur installation och inkoppling av loggern och dess expansionsmoduler och tillbeh\u00f6r g\u00e5r till. F\u00f6r onlinesupport och mer djupg\u00e5ende manualer f\u00f6r Logger 2020, SunLogger 2020, Expansionsmoduler, givare eller mjukvaran LoggerSoft s\u00e5 finns ett par olika &hellip; <\/p>\n<p class=\"link-more\"><a href=\"https:\/\/www.logger2020.se\/index.php\/installation\/\" class=\"more-link\">Forts\u00e4tt l\u00e4sa<span class=\"screen-reader-text\"> \u201dInstallation\u201d<\/span><\/a><\/p>\n","protected":false},"author":1,"featured_media":0,"parent":0,"menu_order":0,"comment_status":"closed","ping_status":"closed","template":"","meta":{"footnotes":""},"aioseo_notices":[],"_links":{"self":[{"href":"https:\/\/www.logger2020.se\/index.php\/wp-json\/wp\/v2\/pages\/96"}],"collection":[{"href":"https:\/\/www.logger2020.se\/index.php\/wp-json\/wp\/v2\/pages"}],"about":[{"href":"https:\/\/www.logger2020.se\/index.php\/wp-json\/wp\/v2\/types\/page"}],"author":[{"embeddable":true,"href":"https:\/\/www.logger2020.se\/index.php\/wp-json\/wp\/v2\/users\/1"}],"replies":[{"embeddable":true,"href":"https:\/\/www.logger2020.se\/index.php\/wp-json\/wp\/v2\/comments?post=96"}],"version-history":[{"count":2,"href":"https:\/\/www.logger2020.se\/index.php\/wp-json\/wp\/v2\/pages\/96\/revisions"}],"predecessor-version":[{"id":157,"href":"https:\/\/www.logger2020.se\/index.php\/wp-json\/wp\/v2\/pages\/96\/revisions\/157"}],"wp:attachment":[{"href":"https:\/\/www.logger2020.se\/index.php\/wp-json\/wp\/v2\/media?parent=96"}],"curies":[{"name":"wp","href":"https:\/\/api.w.org\/{rel}","templated":true}]}}